{"id":97,"date":"2025-09-17T11:38:05","date_gmt":"2025-09-17T11:38:05","guid":{"rendered":"https:\/\/www.cappelaere.louisst.o2switch.site\/blog\/?page_id=97"},"modified":"2025-11-03T10:23:56","modified_gmt":"2025-11-03T10:23:56","slug":"accueil","status":"publish","type":"page","link":"https:\/\/www.cappelaere.louisst.o2switch.site\/blog\/","title":{"rendered":"Accueil"},"content":{"rendered":"\n<p style=\"text-transform:none\">Bienvenue sur mon site&nbsp;!<\/p>\n\n\n\n<p style=\"text-transform:none\">Je m&rsquo;appelle Alix, j&rsquo;ai 19 ans et je suis actuellement en BTS n\u00e9gociations et digitalisation de la relation client. J&rsquo;ai cr\u00e9\u00e9 ce site dans le cadre de ma formation, mais aussi pour vous partager Ce que j&rsquo;aime et ce qui m&rsquo;inspire au quotidien.<\/p>\n\n\n\n<p style=\"text-transform:none\">C&rsquo;est un espace o\u00f9 je partage un peu de tout&nbsp;: mes \u00e9tudes, Ce que j&rsquo;apprends, mes envies pour l&rsquo;avenir, et aussi Ce que j&rsquo;aime faire pendant mon temps libre. J&rsquo;esp\u00e8re que cette visite vous permettra d&rsquo;en savoir un peu plus sur moi&nbsp;!<\/p>\n\n\n\n<p style=\"text-transform:capitalize\"><a href=\"https:\/\/www.cappelaere.louisst.o2switch.site\/blog\/presentation\/\" data-type=\"page\" data-id=\"40\">Pr\u00e9sentation<\/a><\/p>\n\n\n\n<p>Ma formation&nbsp;:<\/p>\n\n\n\n<p style=\"text-transform:none\">Dans la partie ma formation vous d\u00e9couvrirez ce qu&rsquo;est le BTS NDRC, les comp\u00e9tences que j&rsquo;y d\u00e9veloppe, ainsi que les d\u00e9bouch\u00e9s professionnels possibles apr\u00e8s ces 2 ann\u00e9es d&rsquo;\u00e9tude. Ce dipl\u00f4me me permet d&rsquo;apprendre \u00e0 communiquer efficacement, n\u00e9gocier avec les clients et utiliser les outils digitaux pour d\u00e9velopper la relation client.<\/p>\n\n\n\n<ul class=\"wp-block-list\">\n<li>D\u00e9couvrir le <a href=\"https:\/\/www.cappelaere.louisst.o2switch.site\/blog\/bts-ndrc\/\" data-type=\"page\" data-id=\"62\">BTS NDRC<\/a><\/li>\n\n\n\n<li>Les <a href=\"https:\/\/www.cappelaere.louisst.o2switch.site\/blog\/debouches-professionnels\/\" data-type=\"page\" data-id=\"64\">D\u00e9bouch\u00e9s Professionnels<\/a><\/li>\n<\/ul>\n\n\n\n<p>Mon projet professionnel&nbsp;:<\/p>\n\n\n\n<p style=\"text-transform:none\">Dans cette rubrique, je parle de mon projet d&rsquo;avenir donc les m\u00e9tiers que j&rsquo;aimerais faire plus tard, les secteurs qui m&rsquo;attirent virgule et ce que j&rsquo;aimerais continuer \u00e0 apprendre apr\u00e8s le BTS.<\/p>\n\n\n\n<ul class=\"wp-block-list\">\n<li><a href=\"https:\/\/www.cappelaere.louisst.o2switch.site\/blog\/mon-projet-professionnels\/\" data-type=\"page\" data-id=\"39\">Mon projet professionnel<\/a><\/li>\n<\/ul>\n\n\n\n<p>Mes passions&nbsp;:<\/p>\n\n\n\n<p style=\"text-transform:none\">En dehors de mes \u00e9tudes, j&rsquo;aime consacrer du temps \u00e0 mes passions, qui m&rsquo;apportent \u00e9quilibre et motivation au quotidien.<\/p>\n\n\n\n<p style=\"text-transform:none\">La lecture&nbsp;: j&rsquo;adore lire depuis que je suis petite \u00e7a me permet de m&rsquo;\u00e9vader du monde r\u00e9el et de pouvoir d\u00e9couvrir de nouveaux horizons.<\/p>\n\n\n\n<figure class=\"wp-block-gallery has-nested-images columns-default is-cropped wp-block-gallery-1 is-layout-flex wp-block-gallery-is-layout-flex\">\n<figure class=\"wp-block-image size-large\"><img loading=\"lazy\" decoding=\"async\" width=\"683\" height=\"1024\" data-id=\"175\" src=\"https:\/\/www.cappelaere.louisst.o2switch.site\/blog\/wp-content\/uploads\/2025\/10\/pexels-photo-1907785-1907785-683x1024.jpg\" alt=\"Corner view of a library with dark wooden bookshelves filled with a variety of books.\" class=\"wp-image-175\" srcset=\"https:\/\/www.cappelaere.louisst.o2switch.site\/blog\/wp-content\/uploads\/2025\/10\/pexels-photo-1907785-1907785-683x1024.jpg 683w, https:\/\/www.cappelaere.louisst.o2switch.site\/blog\/wp-content\/uploads\/2025\/10\/pexels-photo-1907785-1907785-200x300.jpg 200w, https:\/\/www.cappelaere.louisst.o2switch.site\/blog\/wp-content\/uploads\/2025\/10\/pexels-photo-1907785-1907785-768x1152.jpg 768w, https:\/\/www.cappelaere.louisst.o2switch.site\/blog\/wp-content\/uploads\/2025\/10\/pexels-photo-1907785-1907785-1024x1536.jpg 1024w, https:\/\/www.cappelaere.louisst.o2switch.site\/blog\/wp-content\/uploads\/2025\/10\/pexels-photo-1907785-1907785-1365x2048.jpg 1365w, https:\/\/www.cappelaere.louisst.o2switch.site\/blog\/wp-content\/uploads\/2025\/10\/pexels-photo-1907785-1907785-scaled.jpg 1707w\" sizes=\"auto, (max-width: 683px) 100vw, 683px\" \/><\/figure>\n\n\n\n<figure class=\"wp-block-image size-large\"><img loading=\"lazy\" decoding=\"async\" width=\"214\" height=\"320\" data-id=\"176\" src=\"https:\/\/www.cappelaere.louisst.o2switch.site\/blog\/wp-content\/uploads\/2025\/10\/books-wordpress.jpeg\" alt=\"\" class=\"wp-image-176\" srcset=\"https:\/\/www.cappelaere.louisst.o2switch.site\/blog\/wp-content\/uploads\/2025\/10\/books-wordpress.jpeg 214w, https:\/\/www.cappelaere.louisst.o2switch.site\/blog\/wp-content\/uploads\/2025\/10\/books-wordpress-201x300.jpeg 201w\" sizes=\"auto, (max-width: 214px) 100vw, 214px\" \/><\/figure>\n\n\n\n<figure class=\"wp-block-image size-large\"><img loading=\"lazy\" decoding=\"async\" width=\"1024\" height=\"683\" data-id=\"178\" src=\"https:\/\/www.cappelaere.louisst.o2switch.site\/blog\/wp-content\/uploads\/2025\/10\/pexels-photo-2908984-2908984-1024x683.jpg\" alt=\"A tranquil library filled with books on wooden shelves, offering a warm, inviting atmosphere.\" class=\"wp-image-178\" srcset=\"https:\/\/www.cappelaere.louisst.o2switch.site\/blog\/wp-content\/uploads\/2025\/10\/pexels-photo-2908984-2908984-1024x683.jpg 1024w, https:\/\/www.cappelaere.louisst.o2switch.site\/blog\/wp-content\/uploads\/2025\/10\/pexels-photo-2908984-2908984-300x200.jpg 300w, https:\/\/www.cappelaere.louisst.o2switch.site\/blog\/wp-content\/uploads\/2025\/10\/pexels-photo-2908984-2908984-768x512.jpg 768w, https:\/\/www.cappelaere.louisst.o2switch.site\/blog\/wp-content\/uploads\/2025\/10\/pexels-photo-2908984-2908984-1536x1024.jpg 1536w, https:\/\/www.cappelaere.louisst.o2switch.site\/blog\/wp-content\/uploads\/2025\/10\/pexels-photo-2908984-2908984-2048x1365.jpg 2048w\" sizes=\"auto, (max-width: 1024px) 100vw, 1024px\" \/><\/figure>\n<\/figure>\n\n\n\n<p style=\"text-transform:none\">La p\u00e2tisserie&nbsp;: j&rsquo;aime passer du temps \u00e0 cuisiner de nouvelles recettes pour pouvoir partager mes p\u00e2tisseries avec ma famille ou mes amis (ou peut-\u00eatre juste pour moi).<\/p>\n\n\n\n<figure class=\"wp-block-gallery has-nested-images columns-default is-cropped wp-block-gallery-2 is-layout-flex wp-block-gallery-is-layout-flex\">\n<figure class=\"wp-block-image size-large\"><img loading=\"lazy\" decoding=\"async\" width=\"605\" height=\"1024\" data-id=\"173\" src=\"https:\/\/www.cappelaere.louisst.o2switch.site\/blog\/wp-content\/uploads\/2025\/10\/cupcake-wordpress-605x1024.jpeg\" alt=\"\" class=\"wp-image-173\" srcset=\"https:\/\/www.cappelaere.louisst.o2switch.site\/blog\/wp-content\/uploads\/2025\/10\/cupcake-wordpress-605x1024.jpeg 605w, https:\/\/www.cappelaere.louisst.o2switch.site\/blog\/wp-content\/uploads\/2025\/10\/cupcake-wordpress-177x300.jpeg 177w, https:\/\/www.cappelaere.louisst.o2switch.site\/blog\/wp-content\/uploads\/2025\/10\/cupcake-wordpress-768x1299.jpeg 768w, https:\/\/www.cappelaere.louisst.o2switch.site\/blog\/wp-content\/uploads\/2025\/10\/cupcake-wordpress-908x1536.jpeg 908w, https:\/\/www.cappelaere.louisst.o2switch.site\/blog\/wp-content\/uploads\/2025\/10\/cupcake-wordpress.jpeg 920w\" sizes=\"auto, (max-width: 605px) 100vw, 605px\" \/><\/figure>\n\n\n\n<figure class=\"wp-block-image size-large\"><img loading=\"lazy\" decoding=\"async\" width=\"1013\" height=\"998\" data-id=\"172\" src=\"https:\/\/www.cappelaere.louisst.o2switch.site\/blog\/wp-content\/uploads\/2025\/10\/tarte-wordpress.jpeg\" alt=\"\" class=\"wp-image-172\" srcset=\"https:\/\/www.cappelaere.louisst.o2switch.site\/blog\/wp-content\/uploads\/2025\/10\/tarte-wordpress.jpeg 1013w, https:\/\/www.cappelaere.louisst.o2switch.site\/blog\/wp-content\/uploads\/2025\/10\/tarte-wordpress-300x296.jpeg 300w, https:\/\/www.cappelaere.louisst.o2switch.site\/blog\/wp-content\/uploads\/2025\/10\/tarte-wordpress-768x757.jpeg 768w\" sizes=\"auto, (max-width: 1013px) 100vw, 1013px\" \/><\/figure>\n\n\n\n<figure class=\"wp-block-image size-large\"><img loading=\"lazy\" decoding=\"async\" width=\"579\" height=\"1024\" data-id=\"216\" src=\"https:\/\/www.cappelaere.louisst.o2switch.site\/blog\/wp-content\/uploads\/2025\/11\/chouquette-wordpress-579x1024.jpeg\" alt=\"\" class=\"wp-image-216\" srcset=\"https:\/\/www.cappelaere.louisst.o2switch.site\/blog\/wp-content\/uploads\/2025\/11\/chouquette-wordpress-579x1024.jpeg 579w, https:\/\/www.cappelaere.louisst.o2switch.site\/blog\/wp-content\/uploads\/2025\/11\/chouquette-wordpress-170x300.jpeg 170w, https:\/\/www.cappelaere.louisst.o2switch.site\/blog\/wp-content\/uploads\/2025\/11\/chouquette-wordpress-768x1357.jpeg 768w, https:\/\/www.cappelaere.louisst.o2switch.site\/blog\/wp-content\/uploads\/2025\/11\/chouquette-wordpress-869x1536.jpeg 869w, https:\/\/www.cappelaere.louisst.o2switch.site\/blog\/wp-content\/uploads\/2025\/11\/chouquette-wordpress-1159x2048.jpeg 1159w, https:\/\/www.cappelaere.louisst.o2switch.site\/blog\/wp-content\/uploads\/2025\/11\/chouquette-wordpress.jpeg 1170w\" sizes=\"auto, (max-width: 579px) 100vw, 579px\" \/><\/figure>\n<\/figure>\n\n\n\n<p>Ma page<a href=\"https:\/\/www.cappelaere.louisst.o2switch.site\/blog\/la-lecture\/\" data-type=\"page\" data-id=\"65\"> lecture<\/a>&nbsp;\/ Ma page<a href=\"https:\/\/www.cappelaere.louisst.o2switch.site\/blog\/la-patisserie\/\" data-type=\"page\" data-id=\"67\"> p\u00e2tisserie<\/a><\/p>\n\n\n\n<p>Contact&nbsp;:<\/p>\n\n\n\n<p style=\"text-transform:none\">Si vous voulez me poser une question, me donner un avis sur mon site ou simplement discuter, vous pouvez me contacter via le formulaire ci-dessous.<\/p>\n\n\n\n<div class=\"wp-block-uagb-forms uagb-forms__outer-wrap uagb-block-1aa3bebd uagb-forms__medium-btn\"><form class=\"uagb-forms-main-form\" method=\"post\" autocomplete=\"on\" name=\"uagb-form-1aa3bebd\">\n<div class=\"wp-block-uagb-forms-name uagb-forms-name-wrap uagb-forms-field-set uagb-block-6d7d9262\"><div class=\"uagb-forms-name-label required uagb-forms-input-label\" id=\"6d7d9262\">Pr\u00e9nom<\/div><input type=\"text\" placeholder=\"John\" required class=\"uagb-forms-name-input uagb-forms-input\" name=\"6d7d9262\" autocomplete=\"given-name\"\/><\/div>\n\n\n\n<div class=\"wp-block-uagb-forms-name uagb-forms-name-wrap uagb-forms-field-set uagb-block-b963c161\"><div class=\"uagb-forms-name-label required uagb-forms-input-label\" id=\"b963c161\">Nom<\/div><input type=\"text\" placeholder=\"Doe\" required class=\"uagb-forms-name-input uagb-forms-input\" name=\"b963c161\" autocomplete=\"family-name\"\/><\/div>\n\n\n\n<div class=\"wp-block-uagb-forms-email uagb-forms-email-wrap uagb-forms-field-set uagb-block-81ebfd40\"><div class=\"uagb-forms-email-label  uagb-forms-input-label\" id=\"81ebfd40\">Email<\/div><input type=\"email\" class=\"uagb-forms-email-input uagb-forms-input\" placeholder=\"example@mail.com\" name=\"81ebfd40\" autocomplete=\"email\"\/><\/div>\n\n\n\n<div class=\"wp-block-uagb-forms-textarea uagb-forms-textarea-wrap uagb-forms-field-set uagb-block-065ca22a\"><div class=\"uagb-forms-textarea-label required uagb-forms-input-label\" id=\"065ca22a\">Commentaire<\/div><textarea required class=\"uagb-forms-textarea-input uagb-forms-input\" rows=\"4\" placeholder=\"Enter your message\" name=\"065ca22a\" autocomplete=\"off\"><\/textarea><\/div>\n<div class=\"uagb-forms-form-hidden-data\"><input type=\"hidden\" class=\"uagb_forms_form_label\" value=\"Spectra Form\"\/><input type=\"hidden\" class=\"uagb_forms_form_id\" value=\"uagb-form-1aa3bebd\"\/><\/div><div class=\"uagb-form-reacaptcha-error-1aa3bebd\"><\/div><div class=\"uagb-forms-main-submit-button-wrap wp-block-button\"><button class=\"uagb-forms-main-submit-button wp-block-button__link\"><div class=\"uagb-forms-main-submit-button-text\">Submit<\/div><\/button><\/div><\/form><div class=\"uagb-forms-success-message-1aa3bebd uagb-forms-submit-message-hide\"><span>The form has been submitted successfully!<\/span><\/div><div class=\"uagb-forms-failed-message-1aa3bebd uagb-forms-submit-message-hide\"><span>There has been some error while submitting the form. Please verify all form fields again.<\/span><\/div><\/div>\n\n\n\n<p style=\"text-transform:none\">Merci d&rsquo;\u00eatre pass\u00e9 sur mon site&nbsp;!<\/p>\n","protected":false},"excerpt":{"rendered":"<p>Bienvenue sur mon site&nbsp;! Je m&rsquo;appelle Alix, j&rsquo;ai 19 ans et je suis actuellement en BTS n\u00e9gociations et digitalisation de la relation client. J&rsquo;ai cr\u00e9\u00e9 ce site dans le cadre de ma formation, mais aussi pour vous partager Ce que j&rsquo;aime et ce qui m&rsquo;inspire au quotidien. C&rsquo;est un espace o\u00f9 je partage un peu [&hellip;]<\/p>\n","protected":false},"author":1,"featured_media":0,"parent":0,"menu_order":0,"comment_status":"closed","ping_status":"closed","template":"","meta":{"_uag_custom_page_level_css":"","site-sidebar-layout":"default","site-content-layout":"","ast-site-content-layout":"default","site-content-style":"default","site-sidebar-style":"default","ast-global-header-display":"","ast-banner-title-visibility":"","ast-main-header-display":"","ast-hfb-above-header-display":"","ast-hfb-below-header-display":"","ast-hfb-mobile-header-display":"","site-post-title":"","ast-breadcrumbs-content":"","ast-featured-img":"","footer-sml-layout":"","theme-transparent-header-meta":"","adv-header-id-meta":"","stick-header-meta":"","header-above-stick-meta":"","header-main-stick-meta":"","header-below-stick-meta":"","astra-migrate-meta-layouts":"default","ast-page-background-enabled":"default","ast-page-background-meta":{"desktop":{"background-color":"var(--ast-global-color-5)","background-image":"","background-repeat":"repeat","background-position":"center center","background-size":"auto","background-attachment":"scroll","background-type":"","background-media":"","overlay-type":"","overlay-color":"","overlay-opacity":"","overlay-gradient":""},"tablet":{"background-color":"","background-image":"","background-repeat":"repeat","background-position":"center center","background-size":"auto","background-attachment":"scroll","background-type":"","background-media":"","overlay-type":"","overlay-color":"","overlay-opacity":"","overlay-gradient":""},"mobile":{"background-color":"","background-image":"","background-repeat":"repeat","background-position":"center center","background-size":"auto","background-attachment":"scroll","background-type":"","background-media":"","overlay-type":"","overlay-color":"","overlay-opacity":"","overlay-gradient":""}},"ast-content-background-meta":{"desktop":{"background-color":"var(--ast-global-color-4)","background-image":"","background-repeat":"repeat","background-position":"center center","background-size":"auto","background-attachment":"scroll","background-type":"","background-media":"","overlay-type":"","overlay-color":"","overlay-opacity":"","overlay-gradient":""},"tablet":{"background-color":"var(--ast-global-color-4)","background-image":"","background-repeat":"repeat","background-position":"center center","background-size":"auto","background-attachment":"scroll","background-type":"","background-media":"","overlay-type":"","overlay-color":"","overlay-opacity":"","overlay-gradient":""},"mobile":{"background-color":"var(--ast-global-color-4)","background-image":"","background-repeat":"repeat","background-position":"center center","background-size":"auto","background-attachment":"scroll","background-type":"","background-media":"","overlay-type":"","overlay-color":"","overlay-opacity":"","overlay-gradient":""}},"footnotes":""},"class_list":["post-97","page","type-page","status-publish","hentry"],"uagb_featured_image_src":{"full":false,"thumbnail":false,"medium":false,"medium_large":false,"large":false,"1536x1536":false,"2048x2048":false},"uagb_author_info":{"display_name":"admin","author_link":"https:\/\/www.cappelaere.louisst.o2switch.site\/blog\/author\/admin\/"},"uagb_comment_info":0,"uagb_excerpt":"Bienvenue sur mon site&nbsp;! Je m&rsquo;appelle Alix, j&rsquo;ai 19 ans et je suis actuellement en BTS n\u00e9gociations et digitalisation de la relation client. J&rsquo;ai cr\u00e9\u00e9 ce site dans le cadre de ma formation, mais aussi pour vous partager Ce que j&rsquo;aime et ce qui m&rsquo;inspire au quotidien. C&rsquo;est un espace o\u00f9 je partage un peu\u2026","_links":{"self":[{"href":"https:\/\/www.cappelaere.louisst.o2switch.site\/blog\/wp-json\/wp\/v2\/pages\/97","targetHints":{"allow":["GET"]}}],"collection":[{"href":"https:\/\/www.cappelaere.louisst.o2switch.site\/blog\/wp-json\/wp\/v2\/pages"}],"about":[{"href":"https:\/\/www.cappelaere.louisst.o2switch.site\/blog\/wp-json\/wp\/v2\/types\/page"}],"author":[{"embeddable":true,"href":"https:\/\/www.cappelaere.louisst.o2switch.site\/blog\/wp-json\/wp\/v2\/users\/1"}],"replies":[{"embeddable":true,"href":"https:\/\/www.cappelaere.louisst.o2switch.site\/blog\/wp-json\/wp\/v2\/comments?post=97"}],"version-history":[{"count":16,"href":"https:\/\/www.cappelaere.louisst.o2switch.site\/blog\/wp-json\/wp\/v2\/pages\/97\/revisions"}],"predecessor-version":[{"id":223,"href":"https:\/\/www.cappelaere.louisst.o2switch.site\/blog\/wp-json\/wp\/v2\/pages\/97\/revisions\/223"}],"wp:attachment":[{"href":"https:\/\/www.cappelaere.louisst.o2switch.site\/blog\/wp-json\/wp\/v2\/media?parent=97"}],"curies":[{"name":"wp","href":"https:\/\/api.w.org\/{rel}","templated":true}]}}