{"id":34,"date":"2025-09-15T09:33:56","date_gmt":"2025-09-15T09:33:56","guid":{"rendered":"https:\/\/www.cappelaere.louisst.o2switch.site\/blog\/?page_id=34"},"modified":"2025-11-03T10:42:15","modified_gmt":"2025-11-03T10:42:15","slug":"ma-formation","status":"publish","type":"page","link":"https:\/\/www.cappelaere.louisst.o2switch.site\/blog\/ma-formation\/","title":{"rendered":"Ma formation"},"content":{"rendered":"\n<p>Le campus&nbsp;:<\/p>\n\n\n\n<p style=\"text-transform:none\">SupAlta est un \u00e9tablissement d\u2019enseignement sup\u00e9rieur qui regroupe trois \u00e9tablissements&nbsp;: Saint Louis Saint Bruno, Ircom et les Chartreux. Le campus accueille plus de 650 \u00e9tudiants dans des b\u00e2timents historiques ouverts sur un grand parc arbor\u00e9 permettant ainsi un confort de travail et de vie exceptionnel.<\/p>\n\n\n\n<p>Localisation&nbsp;:<\/p>\n\n\n\n<p style=\"text-transform:none\">SupAlta se situe au Campus Sacr\u00e9-C\u0153ur des Chartreux, au c\u0153ur de La Croix-Rousse \u00e0 Lyon. Le campus est facilement accessible et b\u00e9n\u00e9ficie du soutien de la R\u00e9gion Auvergne-Rh\u00f4ne-Alpes pour le d\u00e9veloppement de ses infrastructures et de ses formations<\/p>\n\n\n\n<iframe src=\"https:\/\/www.google.com\/maps\/embed?pb=!1m18!1m12!1m3!1d1391.5246001338762!2d4.818936466285674!3d45.77020422401651!2m3!1f0!2f0!3f0!3m2!1i1024!2i768!4f13.1!3m3!1m2!1s0x47f4eb05f40eba91%3A0x8146d65cb2369d46!2s38%20Rue%20Pierre%20Dupont%2C%2069001%20Lyon%2C%20France!5e0!3m2!1sen!2sus!4v1761426625319!5m2!1sen!2sus\" width=\"600\" height=\"450\" style=\"border:0;\" allowfullscreen=\"\" loading=\"lazy\" referrerpolicy=\"no-referrer-when-downgrade\"><\/iframe>\n\n\n\n<p style=\"text-transform:none\">Le BTS n\u00e9gociation et digitalisation de la relation client (NDRC) forme les \u00e9tudiants \u00e0 devenir des experts dans la relation client, le marketing digital et la n\u00e9gociation commerciale. Les \u00e9tudiants d\u00e9veloppent des comp\u00e9tences en communication, gestion de projet, et utilisation des outils num\u00e9riques pour optimiser les ventes et la fid\u00e9lisation client. Ce BTS se d\u00e9roule sur deux ans et allie cours th\u00e9oriques, travaux pratiques et immersion professionnelle.<\/p>\n\n\n\n<p style=\"text-transform:none\">Ci-dessous vous trouverez le nombre d&rsquo;heures de cours qui sont pr\u00e9sentes lors de mes 2 ans d&rsquo;\u00e9tudes : <\/p>\n\n\n\n<figure class=\"wp-block-table\"><table class=\"has-fixed-layout\"><tbody><tr><td><strong>Mati\u00e8res enseign\u00e9es<\/strong><\/td><td><strong>Volume hebdomadaire 1\u00e8re ann\u00e9e<\/strong><\/td><td><strong>Volume hebdomadaire 2\u00e8me ann\u00e9e<\/strong><\/td><\/tr><tr><td>Culture G\u00e9n\u00e9rale et Expression<\/td><td>2h\/semaine<\/td><td>2h\/semaine<\/td><\/tr><tr><td>Langue vivante \u00e9trang\u00e8re (Anglais)<\/td><td>3h\/semaine<\/td><td>3h\/semaine<\/td><\/tr><tr><td>Culture \u00c9conomique, Juridique et Manag\u00e9riale (CEJM)<\/td><td>4h\/semaine<\/td><td>4h\/semaine<\/td><\/tr><tr><td>Relation Client et N\u00e9gociation-Vente<\/td><td>6h\/semaine<\/td><td>6h\/semaine<\/td><\/tr><tr><td>Relation Client \u00e0 Distance et Digitalisation<\/td><td>5h\/semaine<\/td><td>5h\/semaine<\/td><\/tr><tr><td>Relation Client et Animation de R\u00e9seaux<\/td><td>4h\/semaine<\/td><td>4h\/semaine<\/td><\/tr><tr><td>Atelier de professionnalisation<\/td><td>4h\/semaine<\/td><td>4h\/semaine<\/td><\/tr><\/tbody><\/table><\/figure>\n\n\n\n<p style=\"text-transform:none\"><\/p>\n\n\n\n<p style=\"text-transform:none\">Avant d&rsquo;\u00eatre diplom\u00e9e, il me reste : <\/p>\n\n\n\n<div class=\"wp-block-uagb-countdown uagb-block-67f6691e\"><div class=\"wp-block-uagb-countdown__box wp-block-uagb-countdown__box-days\"><div role=\"timer\" aria-live=\"off\" class=\"wp-block-uagb-countdown__time wp-block-uagb-countdown__time-days\">&#8211;<\/div><div class=\"wp-block-uagb-countdown__label\">DAYS<\/div><\/div><div class=\"wp-block-uagb-countdown__box wp-block-uagb-countdown__box-hours\"><div role=\"timer\" aria-live=\"off\" class=\"wp-block-uagb-countdown__time wp-block-uagb-countdown__time-hours\">&#8211;<\/div><div class=\"wp-block-uagb-countdown__label\">HOURS<\/div><\/div><div class=\"wp-block-uagb-countdown__box wp-block-uagb-countdown__box-minutes\"><div role=\"timer\" aria-live=\"off\" class=\"wp-block-uagb-countdown__time wp-block-uagb-countdown__time-minutes\">&#8211;<\/div><div class=\"wp-block-uagb-countdown__label\">MINUTES<\/div><\/div><div class=\"wp-block-uagb-countdown__box wp-block-uagb-countdown__box-seconds\"><div role=\"timer\" aria-live=\"off\" class=\"wp-block-uagb-countdown__time wp-block-uagb-countdown__time-seconds\">&#8211;<\/div><div class=\"wp-block-uagb-countdown__label\">SECONDS<\/div><\/div><\/div>\n\n\n\n<p><\/p>\n","protected":false},"excerpt":{"rendered":"<p>Le campus&nbsp;: SupAlta est un \u00e9tablissement d\u2019enseignement sup\u00e9rieur qui regroupe trois \u00e9tablissements&nbsp;: Saint Louis Saint Bruno, Ircom et les Chartreux. Le campus accueille plus de 650 \u00e9tudiants dans des b\u00e2timents historiques ouverts sur un grand parc arbor\u00e9 permettant ainsi un confort de travail et de vie exceptionnel. Localisation&nbsp;: SupAlta se situe au Campus Sacr\u00e9-C\u0153ur des [&hellip;]<\/p>\n","protected":false},"author":1,"featured_media":0,"parent":0,"menu_order":0,"comment_status":"closed","ping_status":"closed","template":"","meta":{"_uag_custom_page_level_css":"","site-sidebar-layout":"default","site-content-layout":"","ast-site-content-layout":"default","site-content-style":"default","site-sidebar-style":"default","ast-global-header-display":"","ast-banner-title-visibility":"","ast-main-header-display":"","ast-hfb-above-header-display":"","ast-hfb-below-header-display":"","ast-hfb-mobile-header-display":"","site-post-title":"","ast-breadcrumbs-content":"","ast-featured-img":"","footer-sml-layout":"","theme-transparent-header-meta":"","adv-header-id-meta":"","stick-header-meta":"","header-above-stick-meta":"","header-main-stick-meta":"","header-below-stick-meta":"","astra-migrate-meta-layouts":"default","ast-page-background-enabled":"default","ast-page-background-meta":{"desktop":{"background-color":"var(--ast-global-color-5)","background-image":"","background-repeat":"repeat","background-position":"center center","background-size":"auto","background-attachment":"scroll","background-type":"","background-media":"","overlay-type":"","overlay-color":"","overlay-opacity":"","overlay-gradient":""},"tablet":{"background-color":"","background-image":"","background-repeat":"repeat","background-position":"center center","background-size":"auto","background-attachment":"scroll","background-type":"","background-media":"","overlay-type":"","overlay-color":"","overlay-opacity":"","overlay-gradient":""},"mobile":{"background-color":"","background-image":"","background-repeat":"repeat","background-position":"center center","background-size":"auto","background-attachment":"scroll","background-type":"","background-media":"","overlay-type":"","overlay-color":"","overlay-opacity":"","overlay-gradient":""}},"ast-content-background-meta":{"desktop":{"background-color":"var(--ast-global-color-4)","background-image":"","background-repeat":"repeat","background-position":"center center","background-size":"auto","background-attachment":"scroll","background-type":"","background-media":"","overlay-type":"","overlay-color":"","overlay-opacity":"","overlay-gradient":""},"tablet":{"background-color":"var(--ast-global-color-4)","background-image":"","background-repeat":"repeat","background-position":"center center","background-size":"auto","background-attachment":"scroll","background-type":"","background-media":"","overlay-type":"","overlay-color":"","overlay-opacity":"","overlay-gradient":""},"mobile":{"background-color":"var(--ast-global-color-4)","background-image":"","background-repeat":"repeat","background-position":"center center","background-size":"auto","background-attachment":"scroll","background-type":"","background-media":"","overlay-type":"","overlay-color":"","overlay-opacity":"","overlay-gradient":""}},"footnotes":""},"class_list":["post-34","page","type-page","status-publish","hentry"],"uagb_featured_image_src":{"full":false,"thumbnail":false,"medium":false,"medium_large":false,"large":false,"1536x1536":false,"2048x2048":false},"uagb_author_info":{"display_name":"admin","author_link":"https:\/\/www.cappelaere.louisst.o2switch.site\/blog\/author\/admin\/"},"uagb_comment_info":0,"uagb_excerpt":"Le campus&nbsp;: SupAlta est un \u00e9tablissement d\u2019enseignement sup\u00e9rieur qui regroupe trois \u00e9tablissements&nbsp;: Saint Louis Saint Bruno, Ircom et les Chartreux. Le campus accueille plus de 650 \u00e9tudiants dans des b\u00e2timents historiques ouverts sur un grand parc arbor\u00e9 permettant ainsi un confort de travail et de vie exceptionnel. Localisation&nbsp;: SupAlta se situe au Campus Sacr\u00e9-C\u0153ur des\u2026","_links":{"self":[{"href":"https:\/\/www.cappelaere.louisst.o2switch.site\/blog\/wp-json\/wp\/v2\/pages\/34","targetHints":{"allow":["GET"]}}],"collection":[{"href":"https:\/\/www.cappelaere.louisst.o2switch.site\/blog\/wp-json\/wp\/v2\/pages"}],"about":[{"href":"https:\/\/www.cappelaere.louisst.o2switch.site\/blog\/wp-json\/wp\/v2\/types\/page"}],"author":[{"embeddable":true,"href":"https:\/\/www.cappelaere.louisst.o2switch.site\/blog\/wp-json\/wp\/v2\/users\/1"}],"replies":[{"embeddable":true,"href":"https:\/\/www.cappelaere.louisst.o2switch.site\/blog\/wp-json\/wp\/v2\/comments?post=34"}],"version-history":[{"count":13,"href":"https:\/\/www.cappelaere.louisst.o2switch.site\/blog\/wp-json\/wp\/v2\/pages\/34\/revisions"}],"predecessor-version":[{"id":230,"href":"https:\/\/www.cappelaere.louisst.o2switch.site\/blog\/wp-json\/wp\/v2\/pages\/34\/revisions\/230"}],"wp:attachment":[{"href":"https:\/\/www.cappelaere.louisst.o2switch.site\/blog\/wp-json\/wp\/v2\/media?parent=34"}],"curies":[{"name":"wp","href":"https:\/\/api.w.org\/{rel}","templated":true}]}}